{"id":169,"date":"2026-04-04T08:29:00","date_gmt":"2026-04-04T08:29:00","guid":{"rendered":"https:\/\/demo.cocobasic.com\/pekko-wp\/?page_id=12"},"modified":"2026-04-12T13:58:13","modified_gmt":"2026-04-12T13:58:13","slug":"pradzia","status":"publish","type":"page","link":"https:\/\/kuzinmetal.eu\/","title":{"rendered":"Prad\u017eia"},"content":{"rendered":"\t\t<div data-elementor-type=\"wp-page\" data-elementor-id=\"169\" class=\"elementor elementor-169\" data-elementor-post-type=\"page\">\n\t\t\t\t<div class=\"elementor-element elementor-element-3c3cb7b e-flex e-con-boxed e-con e-parent\" data-id=\"3c3cb7b\" data-element_type=\"container\" data-e-type=\"container\">\n\t\t\t\t\t<div class=\"e-con-inner\">\n\t\t<div class=\"elementor-element elementor-element-43cc594 e-con-full e-flex e-con e-child\" data-id=\"43cc594\" data-element_type=\"container\" data-e-type=\"container\">\n\t\t\t\t<div class=\"elementor-element elementor-element-aac68d8 elementor-widget elementor-widget-image\" data-id=\"aac68d8\" data-element_type=\"widget\" data-e-type=\"widget\" data-widget_type=\"image.default\">\n\t\t\t\t\t\t\t\t\t\t\t\t\t\t\t<img fetchpriority=\"high\" decoding=\"async\" width=\"1024\" height=\"1536\" src=\"https:\/\/kuzinmetal.eu\/wp-content\/uploads\/2026\/04\/hero.webp\" class=\"attachment-full size-full wp-image-608\" alt=\"\" srcset=\"https:\/\/kuzinmetal.eu\/wp-content\/uploads\/2026\/04\/hero.webp 1024w, https:\/\/kuzinmetal.eu\/wp-content\/uploads\/2026\/04\/hero-200x300.webp 200w, https:\/\/kuzinmetal.eu\/wp-content\/uploads\/2026\/04\/hero-683x1024.webp 683w, https:\/\/kuzinmetal.eu\/wp-content\/uploads\/2026\/04\/hero-768x1152.webp 768w\" sizes=\"(max-width: 1024px) 100vw, 1024px\" \/>\t\t\t\t\t\t\t\t\t\t\t\t\t\t\t<\/div>\n\t\t\t\t<\/div>\n\t\t<div class=\"elementor-element elementor-element-dc243d6 e-con-full e-flex e-con e-child\" data-id=\"dc243d6\" data-element_type=\"container\" data-e-type=\"container\">\n\t\t\t\t<div class=\"elementor-element elementor-element-19db33b elementor-widget elementor-widget-heading\" data-id=\"19db33b\" data-element_type=\"widget\" data-e-type=\"widget\" data-widget_type=\"heading.default\">\n\t\t\t\t\t<h1 class=\"elementor-heading-title elementor-size-default\">KUZIN METAL \u2013 tai \u0161eimos meistryst\u0117, kurioje susitinka tradicin\u0117 kalvyst\u0117 ir \u0161iuolaikinis metalo dizainas<span style=\"color: #87743E\">.<\/span><\/h1>\t\t\t\t<\/div>\n\t\t\t\t<\/div>\n\t\t\t\t\t<\/div>\n\t\t\t\t<\/div>\n\t\t<div class=\"elementor-element elementor-element-4227113 e-con-full e-flex e-con e-parent\" data-id=\"4227113\" data-element_type=\"container\" data-e-type=\"container\" data-settings=\"{&quot;background_background&quot;:&quot;classic&quot;}\">\n\t\t<div class=\"elementor-element elementor-element-f27b35b e-flex e-con-boxed e-con e-child\" data-id=\"f27b35b\" data-element_type=\"container\" data-e-type=\"container\" data-settings=\"{&quot;background_background&quot;:&quot;classic&quot;}\">\n\t\t\t\t\t<div class=\"e-con-inner\">\n\t\t\t\t<div class=\"elementor-element elementor-element-4bdf43f elementor-widget elementor-widget-heading\" data-id=\"4bdf43f\" data-element_type=\"widget\" data-e-type=\"widget\" data-widget_type=\"heading.default\">\n\t\t\t\t\t<h2 class=\"elementor-heading-title elementor-size-default\">Paslaugos<\/h2>\t\t\t\t<\/div>\n\t\t\t\t<div class=\"elementor-element elementor-element-64a3491 elementor-widget elementor-widget-text-editor\" data-id=\"64a3491\" data-element_type=\"widget\" data-e-type=\"widget\" data-widget_type=\"text-editor.default\">\n\t\t\t\t\t\t\t\t\t<p>KUZIN METAL teikia profesionalias kalvyst\u0117s ir metalo apdirbimo paslaugas bei gamina ilgaam\u017eius sprendimus namams ir verslui. Kuriame individualius projektus \u2013 nuo id\u0117jos ir dizaino iki gamybos bei galutinio pritaikymo objekte. Dirbame taip, kad metalas tarnaut\u0173 ilgai, o forma ir detal\u0117 b\u016bt\u0173 esteti\u0161kai tiksli.<\/p>\t\t\t\t\t\t\t\t<\/div>\n\t\t\t\t\t<\/div>\n\t\t\t\t<\/div>\n\t\t<div class=\"elementor-element elementor-element-c832f9e e-con-full e-flex e-con e-child\" data-id=\"c832f9e\" data-element_type=\"container\" data-e-type=\"container\">\n\t\t\t\t<div class=\"elementor-element elementor-element-962484a elementor-hidden-tablet elementor-hidden-mobile elementor-widget elementor-widget-coco-portfolio\" data-id=\"962484a\" data-element_type=\"widget\" data-e-type=\"widget\" data-widget_type=\"coco-portfolio.default\">\n\t\t\t\t<div class=\"elementor-widget-container\">\n\t\t\t\t\t<div id=\"portfolio-wrapper\"><ul class=\"grid\" id=\"portfolio-grid\"><li class=\"grid-sizer\"><\/li><li id=\"p-item-369\" class=\"grid-item element-item animate p_one_hlaf\"><a class=\"item-link\" href=\"https:\/\/kuzinmetal.eu\/?portfolio=eksterjeras\" data-id=\"369\"><img decoding=\"async\" width=\"495\" height=\"1024\" src=\"https:\/\/kuzinmetal.eu\/wp-content\/uploads\/2019\/03\/home_text.webp\" class=\"attachment-post-thumbnail size-post-thumbnail wp-post-image\" alt=\"\" srcset=\"https:\/\/kuzinmetal.eu\/wp-content\/uploads\/2019\/03\/home_text.webp 495w, https:\/\/kuzinmetal.eu\/wp-content\/uploads\/2019\/03\/home_text-145x300.webp 145w\" sizes=\"(max-width: 495px) 100vw, 495px\" \/><div class=\"portfolio-text-holder\"><p class=\"portfolio-title\">Eksterjeras<br>\t\t<div data-elementor-type=\"container\" data-elementor-id=\"363\" class=\"elementor elementor-363\" data-elementor-post-type=\"elementor_library\">\n\t\t\t\t<div class=\"elementor-element elementor-element-41f028e e-con-full e-flex e-con e-parent\" data-id=\"41f028e\" data-element_type=\"container\" data-e-type=\"container\">\n\t\t\t\t<div class=\"elementor-element elementor-element-ef347da elementor-widget elementor-widget-heading\" data-id=\"ef347da\" data-element_type=\"widget\" data-e-type=\"widget\" data-widget_type=\"heading.default\">\n\t\t\t\t\t<div class=\"elementor-heading-title elementor-size-default\">KUZIN METAL eksterjero sprendimai sujungia tvirtum\u0105, estetik\u0105 ir atsparum\u0105 aplinkos poveikiui. Kuriame individualius metalo gaminius laukui, kurie papildo pastato architekt\u016br\u0105 ir i\u0161laiko savo vert\u0119 ilgus metus.<\/div>\t\t\t\t<\/div>\n\t\t\t\t<\/div>\n\t\t\t\t<\/div>\n\t\t<\/p><\/div><\/a><\/li><li id=\"p-item-15\" class=\"grid-item element-item animate p_one_hlaf\"><a class=\"item-link\" href=\"https:\/\/kuzinmetal.eu\/?portfolio=interjeras\" data-id=\"15\"><img decoding=\"async\" width=\"1024\" height=\"1024\" src=\"https:\/\/kuzinmetal.eu\/wp-content\/uploads\/2026\/04\/tureklai.webp\" class=\"attachment-post-thumbnail size-post-thumbnail wp-post-image\" alt=\"\" srcset=\"https:\/\/kuzinmetal.eu\/wp-content\/uploads\/2026\/04\/tureklai.webp 1024w, https:\/\/kuzinmetal.eu\/wp-content\/uploads\/2026\/04\/tureklai-300x300.webp 300w, https:\/\/kuzinmetal.eu\/wp-content\/uploads\/2026\/04\/tureklai-150x150.webp 150w, https:\/\/kuzinmetal.eu\/wp-content\/uploads\/2026\/04\/tureklai-768x768.webp 768w\" sizes=\"(max-width: 1024px) 100vw, 1024px\" \/><div class=\"portfolio-text-holder\"><p class=\"portfolio-title\">Interjeras<br>\t\t<div data-elementor-type=\"container\" data-elementor-id=\"516\" class=\"elementor elementor-516\" data-elementor-post-type=\"elementor_library\">\n\t\t\t\t<div class=\"elementor-element elementor-element-41f028e e-con-full e-flex e-con e-parent\" data-id=\"41f028e\" data-element_type=\"container\" data-e-type=\"container\">\n\t\t\t\t<div class=\"elementor-element elementor-element-ef347da elementor-widget elementor-widget-heading\" data-id=\"ef347da\" data-element_type=\"widget\" data-e-type=\"widget\" data-widget_type=\"heading.default\">\n\t\t\t\t\t<div class=\"elementor-heading-title elementor-size-default\">KUZIN METAL kuria i\u0161skirtinius metalo gaminius interjerui \u2013 nuo subtili\u0173 detali\u0173 iki ry\u0161ki\u0173 akcent\u0173, kurie erdvei suteikia charakterio, ilgaam\u017ei\u0161kumo ir autenti\u0161kumo. Gaminame individualiai, derindami meistryst\u0119, funkcij\u0105 ir estetik\u0105.<\/div>\t\t\t\t<\/div>\n\t\t\t\t<\/div>\n\t\t\t\t<\/div>\n\t\t<\/p><\/div><\/a><\/li><li id=\"p-item-17\" class=\"grid-item element-item animate p_one_hlaf\"><a class=\"item-link\" href=\"https:\/\/kuzinmetal.eu\/?portfolio=mazoji-architektura\" data-id=\"17\"><img loading=\"lazy\" decoding=\"async\" width=\"1024\" height=\"1024\" src=\"https:\/\/kuzinmetal.eu\/wp-content\/uploads\/2026\/04\/Fontanas.webp\" class=\"attachment-post-thumbnail size-post-thumbnail wp-post-image\" alt=\"\" srcset=\"https:\/\/kuzinmetal.eu\/wp-content\/uploads\/2026\/04\/Fontanas.webp 1024w, https:\/\/kuzinmetal.eu\/wp-content\/uploads\/2026\/04\/Fontanas-300x300.webp 300w, https:\/\/kuzinmetal.eu\/wp-content\/uploads\/2026\/04\/Fontanas-150x150.webp 150w, https:\/\/kuzinmetal.eu\/wp-content\/uploads\/2026\/04\/Fontanas-768x768.webp 768w\" sizes=\"(max-width: 1024px) 100vw, 1024px\" \/><div class=\"portfolio-text-holder\"><p class=\"portfolio-title\">Ma\u017eoji architekt\u016bra<br>\t\t<div data-elementor-type=\"container\" data-elementor-id=\"540\" class=\"elementor elementor-540\" data-elementor-post-type=\"elementor_library\">\n\t\t\t\t<div class=\"elementor-element elementor-element-41f028e e-con-full e-flex e-con e-parent\" data-id=\"41f028e\" data-element_type=\"container\" data-e-type=\"container\">\n\t\t\t\t<div class=\"elementor-element elementor-element-ef347da elementor-widget elementor-widget-heading\" data-id=\"ef347da\" data-element_type=\"widget\" data-e-type=\"widget\" data-widget_type=\"heading.default\">\n\t\t\t\t\t<div class=\"elementor-heading-title elementor-size-default\">KUZIN METAL kuria ma\u017eosios architekt\u016bros objektus, kurie papildo vie\u0161\u0105sias ir priva\u010dias erdves funkcionalumu bei i\u0161skirtiniu dizainu. Tai ilgaam\u017eiai metalo sprendimai, sukurti konkre\u010diai vietai ir jos charakteriui.<\/div>\t\t\t\t<\/div>\n\t\t\t\t<\/div>\n\t\t\t\t<\/div>\n\t\t<\/p><\/div><\/a><\/li><li id=\"p-item-23\" class=\"grid-item element-item animate p_one_hlaf\"><a class=\"item-link\" href=\"https:\/\/kuzinmetal.eu\/?portfolio=skulpturos-ir-meniniai-darbai\" data-id=\"23\"><img loading=\"lazy\" decoding=\"async\" width=\"495\" height=\"1024\" src=\"https:\/\/kuzinmetal.eu\/wp-content\/uploads\/2026\/04\/menas.webp\" class=\"attachment-post-thumbnail size-post-thumbnail wp-post-image\" alt=\"\" srcset=\"https:\/\/kuzinmetal.eu\/wp-content\/uploads\/2026\/04\/menas.webp 495w, https:\/\/kuzinmetal.eu\/wp-content\/uploads\/2026\/04\/menas-145x300.webp 145w\" sizes=\"(max-width: 495px) 100vw, 495px\" \/><div class=\"portfolio-text-holder\"><p class=\"portfolio-title\">Skulpt\u016bros ir meniniai darbai<br>\t\t<div data-elementor-type=\"container\" data-elementor-id=\"538\" class=\"elementor elementor-538\" data-elementor-post-type=\"elementor_library\">\n\t\t\t\t<div class=\"elementor-element elementor-element-41f028e e-con-full e-flex e-con e-parent\" data-id=\"41f028e\" data-element_type=\"container\" data-e-type=\"container\">\n\t\t\t\t<div class=\"elementor-element elementor-element-ef347da elementor-widget elementor-widget-heading\" data-id=\"ef347da\" data-element_type=\"widget\" data-e-type=\"widget\" data-widget_type=\"heading.default\">\n\t\t\t\t\t<div class=\"elementor-heading-title elementor-size-default\">KUZIN METAL kuria skulpt\u016bras ir meninius darbus i\u0161 metalo, kuriuose susitinka id\u0117ja, forma ir meistryst\u0117. Tai unikal\u016bs autoriniai k\u016briniai, skirti erdvei \u012fprasminti, i\u0161skirti ir palikti \u012fsp\u016bd\u012f.<\/div>\t\t\t\t<\/div>\n\t\t\t\t<\/div>\n\t\t\t\t<\/div>\n\t\t<\/p><\/div><\/a><\/li><li id=\"p-item-25\" class=\"grid-item element-item animate p_one_hlaf\"><a class=\"item-link\" href=\"https:\/\/kuzinmetal.eu\/?portfolio=tvoros-ir-vartai\" data-id=\"25\"><img loading=\"lazy\" decoding=\"async\" width=\"495\" height=\"1024\" src=\"https:\/\/kuzinmetal.eu\/wp-content\/uploads\/2019\/03\/vartai.webp\" class=\"attachment-post-thumbnail size-post-thumbnail wp-post-image\" alt=\"\" srcset=\"https:\/\/kuzinmetal.eu\/wp-content\/uploads\/2019\/03\/vartai.webp 495w, https:\/\/kuzinmetal.eu\/wp-content\/uploads\/2019\/03\/vartai-145x300.webp 145w\" sizes=\"(max-width: 495px) 100vw, 495px\" \/><div class=\"portfolio-text-holder\"><p class=\"portfolio-title\">Tvoros ir vartai<br>\t\t<div data-elementor-type=\"container\" data-elementor-id=\"572\" class=\"elementor elementor-572\" data-elementor-post-type=\"elementor_library\">\n\t\t\t\t<div class=\"elementor-element elementor-element-41f028e e-con-full e-flex e-con e-parent\" data-id=\"41f028e\" data-element_type=\"container\" data-e-type=\"container\">\n\t\t\t\t<div class=\"elementor-element elementor-element-ef347da elementor-widget elementor-widget-heading\" data-id=\"ef347da\" data-element_type=\"widget\" data-e-type=\"widget\" data-widget_type=\"heading.default\">\n\t\t\t\t\t<div class=\"elementor-heading-title elementor-size-default\">KUZIN METAL gamina individualias tvoras ir vartus, kuriuose dera saugumas, ilgaam\u017ei\u0161kumas ir esteti\u0161kas dizainas. Kiekvienas sprendimas kuriamas pagal objekt\u0105, architekt\u016br\u0105 ir kliento poreikius.<\/div>\t\t\t\t<\/div>\n\t\t\t\t<\/div>\n\t\t\t\t<\/div>\n\t\t<\/p><\/div><\/a><\/li><\/ul><div class=\"clear\"><\/div><\/div><div class = \"block center-relative center-text more-posts-portfolio-holder button\"><span class = \"more-posts-portfolio\">RODYTI DAUGIAU<\/span><span class = \"more-posts-portfolio-loading\">KRAUNASI<\/span><span class = \"no-more-posts-portfolio\"><\/span><\/div>\t\t\t\t<\/div>\n\t\t\t\t<\/div>\n\t\t\t\t<\/div>\n\t\t\t\t<\/div>\n\t\t\t\t<\/div>\n\t\t","protected":false},"excerpt":{"rendered":"<p>KUZIN METAL \u2013 tai \u0161eimos meistryst\u0117, kurioje susitinka tradicin\u0117 kalvyst\u0117 ir \u0161iuolaikinis metalo dizainas. Paslaugos KUZIN METAL teikia profesionalias kalvyst\u0117s ir metalo apdirbimo paslaugas bei gamina ilgaam\u017eius sprendimus namams ir verslui. Kuriame individualius projektus \u2013 nuo id\u0117jos ir dizaino iki gamybos bei galutinio pritaikymo objekte. Dirbame taip, kad metalas tarnaut\u0173 ilgai, o forma ir detal\u0117 [&hellip;]<\/p>\n","protected":false},"author":1,"featured_media":0,"parent":0,"menu_order":0,"comment_status":"closed","ping_status":"closed","template":"","meta":{"inline_featured_image":false,"footnotes":""},"class_list":["post-169","page","type-page","status-publish","hentry"],"_links":{"self":[{"href":"https:\/\/kuzinmetal.eu\/index.php?rest_route=\/wp\/v2\/pages\/169","targetHints":{"allow":["GET"]}}],"collection":[{"href":"https:\/\/kuzinmetal.eu\/index.php?rest_route=\/wp\/v2\/pages"}],"about":[{"href":"https:\/\/kuzinmetal.eu\/index.php?rest_route=\/wp\/v2\/types\/page"}],"author":[{"embeddable":true,"href":"https:\/\/kuzinmetal.eu\/index.php?rest_route=\/wp\/v2\/users\/1"}],"replies":[{"embeddable":true,"href":"https:\/\/kuzinmetal.eu\/index.php?rest_route=%2Fwp%2Fv2%2Fcomments&post=169"}],"version-history":[{"count":91,"href":"https:\/\/kuzinmetal.eu\/index.php?rest_route=\/wp\/v2\/pages\/169\/revisions"}],"predecessor-version":[{"id":628,"href":"https:\/\/kuzinmetal.eu\/index.php?rest_route=\/wp\/v2\/pages\/169\/revisions\/628"}],"wp:attachment":[{"href":"https:\/\/kuzinmetal.eu\/index.php?rest_route=%2Fwp%2Fv2%2Fmedia&parent=169"}],"curies":[{"name":"wp","href":"https:\/\/api.w.org\/{rel}","templated":true}]}}