{"id":33,"date":"2026-04-09T13:49:00","date_gmt":"2026-04-09T13:49:00","guid":{"rendered":"https:\/\/demo.cocobasic.com\/pekko-wp\/?page_id=33"},"modified":"2026-04-09T16:38:26","modified_gmt":"2026-04-09T16:38:26","slug":"apie-mus","status":"publish","type":"page","link":"https:\/\/kuzinmetal.eu\/?page_id=33","title":{"rendered":"Apie mus"},"content":{"rendered":"\t\t<div data-elementor-type=\"wp-page\" data-elementor-id=\"33\" class=\"elementor elementor-33\" data-elementor-post-type=\"page\">\n\t\t\t\t\t\t<section class=\"elementor-section elementor-top-section elementor-element elementor-element-ac44f1f elementor-section-full_width elementor-section-height-default elementor-section-height-default\" data-id=\"ac44f1f\" data-element_type=\"section\" data-e-type=\"section\">\n\t\t\t\t\t\t<div class=\"elementor-container elementor-column-gap-no\">\n\t\t\t\t\t<div class=\"elementor-column elementor-col-100 elementor-top-column elementor-element elementor-element-9cee65e\" data-id=\"9cee65e\" data-element_type=\"column\" data-e-type=\"column\">\n\t\t\t<div class=\"elementor-widget-wrap elementor-element-populated\">\n\t\t\t\t\t\t<div class=\"elementor-element elementor-element-4a4144f elementor-widget elementor-widget-heading\" data-id=\"4a4144f\" data-element_type=\"widget\" data-e-type=\"widget\" data-widget_type=\"heading.default\">\n\t\t\t\t\t<h3 class=\"elementor-heading-title elementor-size-default\">Antros kartos kalvis \u2013 Vadim Kuzin<\/h3>\t\t\t\t<\/div>\n\t\t\t\t\t<\/div>\n\t\t<\/div>\n\t\t\t\t\t<\/div>\n\t\t<\/section>\n\t\t\t\t<section class=\"elementor-section elementor-top-section elementor-element elementor-element-c15d3f9 elementor-section-full_width elementor-section-height-default elementor-section-height-default\" data-id=\"c15d3f9\" data-element_type=\"section\" data-e-type=\"section\">\n\t\t\t\t\t\t<div class=\"elementor-container elementor-column-gap-no\">\n\t\t\t\t\t<div class=\"elementor-column elementor-col-100 elementor-top-column elementor-element elementor-element-939a0b3\" data-id=\"939a0b3\" data-element_type=\"column\" data-e-type=\"column\">\n\t\t\t<div class=\"elementor-widget-wrap elementor-element-populated\">\n\t\t\t\t\t\t<div class=\"elementor-element elementor-element-4d7b9a3 elementor-widget elementor-widget-image\" data-id=\"4d7b9a3\" data-element_type=\"widget\" data-e-type=\"widget\" data-widget_type=\"image.default\">\n\t\t\t\t\t\t\t\t\t\t\t\t\t\t\t<img fetchpriority=\"high\" decoding=\"async\" width=\"1536\" height=\"1024\" src=\"https:\/\/kuzinmetal.eu\/wp-content\/uploads\/2026\/04\/Raganosis-dark-graphite-gallery-vibe.png\" class=\"attachment-full size-full wp-image-218\" alt=\"\" srcset=\"https:\/\/kuzinmetal.eu\/wp-content\/uploads\/2026\/04\/Raganosis-dark-graphite-gallery-vibe.png 1536w, https:\/\/kuzinmetal.eu\/wp-content\/uploads\/2026\/04\/Raganosis-dark-graphite-gallery-vibe-300x200.png 300w, https:\/\/kuzinmetal.eu\/wp-content\/uploads\/2026\/04\/Raganosis-dark-graphite-gallery-vibe-1024x683.png 1024w, https:\/\/kuzinmetal.eu\/wp-content\/uploads\/2026\/04\/Raganosis-dark-graphite-gallery-vibe-768x512.png 768w\" sizes=\"(max-width: 1536px) 100vw, 1536px\" \/>\t\t\t\t\t\t\t\t\t\t\t\t\t\t\t<\/div>\n\t\t\t\t\t<\/div>\n\t\t<\/div>\n\t\t\t\t\t<\/div>\n\t\t<\/section>\n\t\t\t\t<section class=\"elementor-section elementor-top-section elementor-element elementor-element-4c3851f elementor-section-full_width elementor-section-height-default elementor-section-height-default\" data-id=\"4c3851f\" data-element_type=\"section\" data-e-type=\"section\">\n\t\t\t\t\t\t<div class=\"elementor-container elementor-column-gap-no\">\n\t\t\t\t\t<div class=\"elementor-column elementor-col-100 elementor-top-column elementor-element elementor-element-ad72d3a\" data-id=\"ad72d3a\" data-element_type=\"column\" data-e-type=\"column\">\n\t\t\t<div class=\"elementor-widget-wrap elementor-element-populated\">\n\t\t\t\t\t\t<div class=\"elementor-element elementor-element-2d639ca elementor-widget__width-initial elementor-widget elementor-widget-text-editor\" data-id=\"2d639ca\" data-element_type=\"widget\" data-e-type=\"widget\" data-widget_type=\"text-editor.default\">\n\t\t\t\t\t\t\t\t\tKUZIN METAL \u2013 tai \u0161eimos meistryst\u0117, kurioje susitinka tradicin\u0117 kalvyst\u0117 ir \u0161iuolaikinis metalo dizainas. Esame \u012fsik\u016br\u0119 Lietuvoje ir kuriame metalo gaminius pagal individual\u0173 u\u017esakym\u0105 \u2013 nuo funkcionali\u0173 sprendim\u0173 iki i\u0161skirtini\u0173, charakter\u012f kurian\u010di\u0173 akcent\u0173 namams ir verslui.\n\nM\u016bs\u0173 k\u016brybin\u0117s dirbtuv\u0117s pagrindas \u2013 antros kartos kalvis Vadim Kuzin, jau 30 met\u0173 formuojantis metal\u0105. Per de\u0161imtme\u010dius sukaupta patirtis, rank\u0173 tikslumas ir med\u017eiagos pajauta leid\u017eia kurti ilgaam\u017eius, esteti\u0161kus ir techni\u0161kai patikimus gaminius, kuriuose matosi meistro brai\u017eas.\n<h3>Kalvyst\u0117 ir metalo apdirbimas, papildyti \u017ealvario liejimu<\/h3>\nNuolat augindami studijos galimybes, \u0161iandien KUZIN METAL darbus papild\u0117me dekoratyvi\u0173 detali\u0173 liejimu i\u0161 \u017ealvario. Tai suteikia projektams daugiau i\u0161rai\u0161kos: \u0161ilto, prabangaus atspalvio akcentai, subtil\u016bs ornamentai, individualios emblemos ar interjero detal\u0117s leid\u017eia sukurti unikali\u0105 visum\u0105, kuri i\u0161siskiria i\u0161 masin\u0117s gamybos sprendim\u0173.\t\t\t\t\t\t\t\t<\/div>\n\t\t\t\t\t<\/div>\n\t\t<\/div>\n\t\t\t\t\t<\/div>\n\t\t<\/section>\n\t\t<div class=\"elementor-element elementor-element-6214f7c e-flex e-con-boxed e-con e-parent\" data-id=\"6214f7c\" data-element_type=\"container\" data-e-type=\"container\">\n\t\t\t\t\t<div class=\"e-con-inner\">\n\t\t\t\t<div class=\"elementor-element elementor-element-9c03833 elementor-widget elementor-widget-heading\" data-id=\"9c03833\" data-element_type=\"widget\" data-e-type=\"widget\" data-widget_type=\"heading.default\">\n\t\t\t\t\t<h5 class=\"elementor-heading-title elementor-size-default\">Dirbame su individualiais projektais ir padedame \u012fgyvendinti id\u0117j\u0105 nuo eskizo iki galutinio rezultato.\u00a0<\/h5>\t\t\t\t<\/div>\n\t\t\t\t\t<\/div>\n\t\t\t\t<\/div>\n\t\t<div class=\"elementor-element elementor-element-c46b53b e-flex e-con-boxed e-con e-parent\" data-id=\"c46b53b\" data-element_type=\"container\" data-e-type=\"container\">\n\t\t\t\t\t<div class=\"e-con-inner\">\n\t\t<div class=\"elementor-element elementor-element-aed7868 e-con-full e-flex e-con e-child\" data-id=\"aed7868\" data-element_type=\"container\" data-e-type=\"container\">\n\t\t\t\t<div class=\"elementor-element elementor-element-a3f21fc elementor-widget elementor-widget-heading\" data-id=\"a3f21fc\" data-element_type=\"widget\" data-e-type=\"widget\" data-widget_type=\"heading.default\">\n\t\t\t\t\t<h6 class=\"elementor-heading-title elementor-size-default\">Da\u017eniausiai gaminame:<\/h6>\t\t\t\t<\/div>\n\t\t\t\t<div class=\"elementor-element elementor-element-dfd9d9c elementor-icon-list--layout-traditional elementor-list-item-link-full_width elementor-widget elementor-widget-icon-list\" data-id=\"dfd9d9c\" data-element_type=\"widget\" data-e-type=\"widget\" data-widget_type=\"icon-list.default\">\n\t\t\t\t\t\t\t<ul class=\"elementor-icon-list-items\">\n\t\t\t\t\t\t\t<li class=\"elementor-icon-list-item\">\n\t\t\t\t\t\t\t\t\t\t\t<span class=\"elementor-icon-list-icon\">\n\t\t\t\t\t\t\t<svg aria-hidden=\"true\" class=\"e-font-icon-svg e-fas-minus\" viewBox=\"0 0 448 512\" xmlns=\"http:\/\/www.w3.org\/2000\/svg\"><path d=\"M416 208H32c-17.67 0-32 14.33-32 32v32c0 17.67 14.33 32 32 32h384c17.67 0 32-14.33 32-32v-32c0-17.67-14.33-32-32-32z\"><\/path><\/svg>\t\t\t\t\t\t<\/span>\n\t\t\t\t\t\t\t\t\t\t<span class=\"elementor-icon-list-text\">vartus, tvoras, tur\u0117klus, laipt\u0173 ir balkon\u0173 sprendimus;<\/span>\n\t\t\t\t\t\t\t\t\t<\/li>\n\t\t\t\t\t\t\t\t<li class=\"elementor-icon-list-item\">\n\t\t\t\t\t\t\t\t\t\t\t<span class=\"elementor-icon-list-icon\">\n\t\t\t\t\t\t\t<svg aria-hidden=\"true\" class=\"e-font-icon-svg e-fas-minus\" viewBox=\"0 0 448 512\" xmlns=\"http:\/\/www.w3.org\/2000\/svg\"><path d=\"M416 208H32c-17.67 0-32 14.33-32 32v32c0 17.67 14.33 32 32 32h384c17.67 0 32-14.33 32-32v-32c0-17.67-14.33-32-32-32z\"><\/path><\/svg>\t\t\t\t\t\t<\/span>\n\t\t\t\t\t\t\t\t\t\t<span class=\"elementor-icon-list-text\">metalo konstrukcijas ir tvirtus, ilgaam\u017eius funkcinius elementus;<\/span>\n\t\t\t\t\t\t\t\t\t<\/li>\n\t\t\t\t\t\t\t\t<li class=\"elementor-icon-list-item\">\n\t\t\t\t\t\t\t\t\t\t\t<span class=\"elementor-icon-list-icon\">\n\t\t\t\t\t\t\t<svg aria-hidden=\"true\" class=\"e-font-icon-svg e-fas-minus\" viewBox=\"0 0 448 512\" xmlns=\"http:\/\/www.w3.org\/2000\/svg\"><path d=\"M416 208H32c-17.67 0-32 14.33-32 32v32c0 17.67 14.33 32 32 32h384c17.67 0 32-14.33 32-32v-32c0-17.67-14.33-32-32-32z\"><\/path><\/svg>\t\t\t\t\t\t<\/span>\n\t\t\t\t\t\t\t\t\t\t<span class=\"elementor-icon-list-text\">interjero detales ir metalo dekor\u0105: bald\u0173 r\u0117mus, stela\u017eus, laikiklius, sien\u0173 akcentus;<\/span>\n\t\t\t\t\t\t\t\t\t<\/li>\n\t\t\t\t\t\t\t\t<li class=\"elementor-icon-list-item\">\n\t\t\t\t\t\t\t\t\t\t\t<span class=\"elementor-icon-list-icon\">\n\t\t\t\t\t\t\t<svg aria-hidden=\"true\" class=\"e-font-icon-svg e-fas-minus\" viewBox=\"0 0 448 512\" xmlns=\"http:\/\/www.w3.org\/2000\/svg\"><path d=\"M416 208H32c-17.67 0-32 14.33-32 32v32c0 17.67 14.33 32 32 32h384c17.67 0 32-14.33 32-32v-32c0-17.67-14.33-32-32-32z\"><\/path><\/svg>\t\t\t\t\t\t<\/span>\n\t\t\t\t\t\t\t\t\t\t<span class=\"elementor-icon-list-text\">dekoratyvines \u017ealvario liejimo detales (akcentams, apdailai, individualiems dizaino sprendimams).<\/span>\n\t\t\t\t\t\t\t\t\t<\/li>\n\t\t\t\t\t\t<\/ul>\n\t\t\t\t\t\t<\/div>\n\t\t\t\t<\/div>\n\t\t<div class=\"elementor-element elementor-element-c9ae17c e-con-full e-flex e-con e-child\" data-id=\"c9ae17c\" data-element_type=\"container\" data-e-type=\"container\">\n\t\t\t\t<div class=\"elementor-element elementor-element-e2c8eed elementor-widget elementor-widget-heading\" data-id=\"e2c8eed\" data-element_type=\"widget\" data-e-type=\"widget\" data-widget_type=\"heading.default\">\n\t\t\t\t\t<h6 class=\"elementor-heading-title elementor-size-default\">Kokyb\u0117, kuri tapo prek\u0117s \u017eenklu<\/h6>\t\t\t\t<\/div>\n\t\t\t\t<div class=\"elementor-element elementor-element-2741763 elementor-widget elementor-widget-text-editor\" data-id=\"2741763\" data-element_type=\"widget\" data-e-type=\"widget\" data-widget_type=\"text-editor.default\">\n\t\t\t\t\t\t\t\t\t<p>Sukaupta patirtis ir pasiekta gamini\u0173 kokyb\u0117 leido sukurti KUZIN METAL prek\u0117s \u017eenkl\u0105 \u2013 \u017eenkl\u0105, kuriuo did\u017eiuojam\u0117s ir kur\u012f atsakingai naudojame \u017eym\u0117dami savo gaminius. Tikime, kad tai m\u016bs\u0173 u\u017esakovui suteikia ne tik fizin\u0119 vert\u0119, bet ir papildom\u0105 moralin\u0119 vert\u0119: u\u017etikrintum\u0105, jog pasirinktas darbas turi vard\u0105, istorij\u0105 ir meistro atsakomyb\u0119.<\/p>\t\t\t\t\t\t\t\t<\/div>\n\t\t\t\t<\/div>\n\t\t<div class=\"elementor-element elementor-element-78593f3 e-con-full e-flex e-con e-child\" data-id=\"78593f3\" data-element_type=\"container\" data-e-type=\"container\">\n\t\t\t\t<div class=\"elementor-element elementor-element-5f05882 elementor-widget elementor-widget-heading\" data-id=\"5f05882\" data-element_type=\"widget\" data-e-type=\"widget\" data-widget_type=\"heading.default\">\n\t\t\t\t\t<h6 class=\"elementor-heading-title elementor-size-default\">M\u016bs\u0173 po\u017ei\u016bris<\/h6>\t\t\t\t<\/div>\n\t\t\t\t<div class=\"elementor-element elementor-element-489ccc8 elementor-widget elementor-widget-text-editor\" data-id=\"489ccc8\" data-element_type=\"widget\" data-e-type=\"widget\" data-widget_type=\"text-editor.default\">\n\t\t\t\t\t\t\t\t\t<p>Kiekvien\u0105 u\u017esakym\u0105 vertiname kaip bendr\u0105 k\u016brybin\u012f proces\u0105: \u012fsiklausome, patariame, si\u016blome sprendimus, o svarbiausia \u2013 kuriame taip, kad rezultatas b\u016bt\u0173 ilgaam\u017eis ir tikrai \u201ej\u016bs\u0173\u201c.<\/p>\t\t\t\t\t\t\t\t<\/div>\n\t\t\t\t<\/div>\n\t\t\t\t\t<\/div>\n\t\t\t\t<\/div>\n\t\t<div class=\"elementor-element elementor-element-7f8b6a9 e-flex e-con-boxed e-con e-parent\" data-id=\"7f8b6a9\" data-element_type=\"container\" data-e-type=\"container\">\n\t\t\t\t\t<div class=\"e-con-inner\">\n\t\t\t\t<div class=\"elementor-element elementor-element-2349765 elementor-widget elementor-widget-text-editor\" data-id=\"2349765\" data-element_type=\"widget\" data-e-type=\"widget\" data-widget_type=\"text-editor.default\">\n\t\t\t\t\t\t\t\t\t<h5>Jei ie\u0161kote patikimos kalvyst\u0117s ir metalo gamini\u0173 meistr\u0173, o taip pat norite projekt\u0105 praturtinti dekoratyvin\u0117mis \u017ealvario detal\u0117mis, kvie\u010diame <a href=\"https:\/\/kuzinmetal.eu\/?page_id=69\">susisiekti<\/a><\/h5>\t\t\t\t\t\t\t\t<\/div>\n\t\t\t\t\t<\/div>\n\t\t\t\t<\/div>\n\t\t\t\t<section class=\"elementor-section elementor-top-section elementor-element elementor-element-0d1d31b elementor-section-boxed elementor-section-height-default elementor-section-height-default\" data-id=\"0d1d31b\" data-element_type=\"section\" data-e-type=\"section\">\n\t\t\t\t\t\t<div class=\"elementor-container elementor-column-gap-default\">\n\t\t\t\t\t<div class=\"elementor-column elementor-col-100 elementor-top-column elementor-element elementor-element-c5384d8\" data-id=\"c5384d8\" data-element_type=\"column\" data-e-type=\"column\">\n\t\t\t<div class=\"elementor-widget-wrap elementor-element-populated\">\n\t\t\t\t\t\t<div class=\"elementor-element elementor-element-df6ed33 elementor-widget__width-auto elementor-widget elementor-widget-button\" data-id=\"df6ed33\" data-element_type=\"widget\" data-e-type=\"widget\" data-widget_type=\"button.default\">\n\t\t\t\t\t\t\t\t\t\t<a class=\"elementor-button elementor-button-link elementor-size-sm\" href=\"#\">\n\t\t\t\t\t\t<span class=\"elementor-button-content-wrapper\">\n\t\t\t\t\t\t\t\t\t<span class=\"elementor-button-text\">TWITTER<\/span>\n\t\t\t\t\t<\/span>\n\t\t\t\t\t<\/a>\n\t\t\t\t\t\t\t\t<\/div>\n\t\t\t\t<div class=\"elementor-element elementor-element-3ad9659 elementor-widget__width-auto elementor-widget elementor-widget-button\" data-id=\"3ad9659\" data-element_type=\"widget\" data-e-type=\"widget\" data-widget_type=\"button.default\">\n\t\t\t\t\t\t\t\t\t\t<a class=\"elementor-button elementor-button-link elementor-size-sm\" href=\"#\">\n\t\t\t\t\t\t<span class=\"elementor-button-content-wrapper\">\n\t\t\t\t\t\t\t\t\t<span class=\"elementor-button-text\">FACEBOOK<\/span>\n\t\t\t\t\t<\/span>\n\t\t\t\t\t<\/a>\n\t\t\t\t\t\t\t\t<\/div>\n\t\t\t\t<div class=\"elementor-element elementor-element-34e7f28 elementor-widget__width-auto elementor-widget elementor-widget-button\" data-id=\"34e7f28\" data-element_type=\"widget\" data-e-type=\"widget\" data-widget_type=\"button.default\">\n\t\t\t\t\t\t\t\t\t\t<a class=\"elementor-button elementor-button-link elementor-size-sm\" href=\"#\">\n\t\t\t\t\t\t<span class=\"elementor-button-content-wrapper\">\n\t\t\t\t\t\t\t\t\t<span class=\"elementor-button-text\">INSTAGRAM<\/span>\n\t\t\t\t\t<\/span>\n\t\t\t\t\t<\/a>\n\t\t\t\t\t\t\t\t<\/div>\n\t\t\t\t\t<\/div>\n\t\t<\/div>\n\t\t\t\t\t<\/div>\n\t\t<\/section>\n\t\t\t\t<\/div>\n\t\t","protected":false},"excerpt":{"rendered":"<p>Antros kartos kalvis \u2013 Vadim Kuzin KUZIN METAL \u2013 tai \u0161eimos meistryst\u0117, kurioje susitinka tradicin\u0117 kalvyst\u0117 ir \u0161iuolaikinis metalo dizainas. Esame \u012fsik\u016br\u0119 Lietuvoje ir kuriame metalo gaminius pagal individual\u0173 u\u017esakym\u0105 \u2013 nuo funkcionali\u0173 sprendim\u0173 iki i\u0161skirtini\u0173, charakter\u012f kurian\u010di\u0173 akcent\u0173 namams ir verslui. M\u016bs\u0173 k\u016brybin\u0117s dirbtuv\u0117s pagrindas \u2013 antros kartos kalvis Vadim Kuzin, jau 30 met\u0173 [&hellip;]<\/p>\n","protected":false},"author":1,"featured_media":0,"parent":0,"menu_order":0,"comment_status":"closed","ping_status":"closed","template":"","meta":{"inline_featured_image":false,"footnotes":""},"class_list":["post-33","page","type-page","status-publish","hentry"],"_links":{"self":[{"href":"https:\/\/kuzinmetal.eu\/index.php?rest_route=\/wp\/v2\/pages\/33","targetHints":{"allow":["GET"]}}],"collection":[{"href":"https:\/\/kuzinmetal.eu\/index.php?rest_route=\/wp\/v2\/pages"}],"about":[{"href":"https:\/\/kuzinmetal.eu\/index.php?rest_route=\/wp\/v2\/types\/page"}],"author":[{"embeddable":true,"href":"https:\/\/kuzinmetal.eu\/index.php?rest_route=\/wp\/v2\/users\/1"}],"replies":[{"embeddable":true,"href":"https:\/\/kuzinmetal.eu\/index.php?rest_route=%2Fwp%2Fv2%2Fcomments&post=33"}],"version-history":[{"count":58,"href":"https:\/\/kuzinmetal.eu\/index.php?rest_route=\/wp\/v2\/pages\/33\/revisions"}],"predecessor-version":[{"id":328,"href":"https:\/\/kuzinmetal.eu\/index.php?rest_route=\/wp\/v2\/pages\/33\/revisions\/328"}],"wp:attachment":[{"href":"https:\/\/kuzinmetal.eu\/index.php?rest_route=%2Fwp%2Fv2%2Fmedia&parent=33"}],"curies":[{"name":"wp","href":"https:\/\/api.w.org\/{rel}","templated":true}]}}